{"id":2,"date":"2025-10-15T00:32:04","date_gmt":"2025-10-15T00:32:04","guid":{"rendered":"https:\/\/tretjavrsta.com\/?page_id=2"},"modified":"2025-11-03T06:56:30","modified_gmt":"2025-11-03T06:56:30","slug":"sample-page","status":"publish","type":"page","link":"https:\/\/tretjavrsta.com\/slo\/sample-page\/","title":{"rendered":"O reviji"},"content":{"rendered":"<p class=\"translation-block\">TRETJA VRSTA. SLOVENSKA KULTURNA REVIJA izhaja trikrat na leto, v mesecih marcu, juliju in novembru. Revijo izdajajo mladi Slovenci iz Buenos Airesa, sprejemajo dela Slovencev in o Slovencih, ki so izvirna, neobjavljena in niso bila predlo\u017eena za objavo v drugih revijah.\nRevija je napisana predvsem v \u0161pan\u0161\u010dini in sloven\u0161\u010dini, v manj\u0161i meri pa v angle\u0161\u010dini in franco\u0161\u010dini. Tretja Vrsta objavlja literarna besedila, raziskovalne \u010dlanke, eseje in opombe. Objavlja tudi stripe in ilustracije.<\/p>\n\n\n\n<p>Cilj revije je spodbujati in \u0161iriti izra\u017eanje slovenske kulture in identitete, zato je njena vsebina prosto dostopna. <\/p>\n\n\n\n<p>Vsa besedila objavljena v Tretji Vrsti so pod licenco Creative Commons 4.0 Priznanje avtorstva-Nekomercijalno (CC BY-NC 4.0 International), ki tretjim osebam dovoljuje uporabo objavljenega gradiva, \u010de navedejo avtorstvo dela in prvo objavo v tej reviji.<\/p>","protected":false},"excerpt":{"rendered":"<p>TRETJA VRSTA. REVISTA CULTURAL ESLOVENA se publica cuatrimestralmente en los meses de marzo, julio y noviembre. La revista es realizada por j\u00f3venes eslovenos de Buenos Aires, y recibe&nbsp;trabajos de eslovenos y sobre lo esloveno, in\u00e9ditos, originales y que no hayan sido presentados para su publicaci\u00f3n en otra revista; escritos principalmente en lengua castellana o eslovena, &hellip; <a href=\"https:\/\/tretjavrsta.com\/slo\/sample-page\/\" class=\"more-link\">Preberi ve\u010d <span class=\"screen-reader-text\">O reviji<\/span> <span class=\"meta-nav\">&rarr;<\/span><\/a><\/p>","protected":false},"author":1,"featured_media":0,"parent":0,"menu_order":0,"comment_status":"closed","ping_status":"open","template":"","meta":{"footnotes":""},"class_list":["post-2","page","type-page","status-publish","hentry"],"_hostinger_reach_plugin_has_subscription_block":false,"_hostinger_reach_plugin_is_elementor":false,"_links":{"self":[{"href":"https:\/\/tretjavrsta.com\/slo\/wp-json\/wp\/v2\/pages\/2","targetHints":{"allow":["GET"]}}],"collection":[{"href":"https:\/\/tretjavrsta.com\/slo\/wp-json\/wp\/v2\/pages"}],"about":[{"href":"https:\/\/tretjavrsta.com\/slo\/wp-json\/wp\/v2\/types\/page"}],"author":[{"embeddable":true,"href":"https:\/\/tretjavrsta.com\/slo\/wp-json\/wp\/v2\/users\/1"}],"replies":[{"embeddable":true,"href":"https:\/\/tretjavrsta.com\/slo\/wp-json\/wp\/v2\/comments?post=2"}],"version-history":[{"count":9,"href":"https:\/\/tretjavrsta.com\/slo\/wp-json\/wp\/v2\/pages\/2\/revisions"}],"predecessor-version":[{"id":221,"href":"https:\/\/tretjavrsta.com\/slo\/wp-json\/wp\/v2\/pages\/2\/revisions\/221"}],"wp:attachment":[{"href":"https:\/\/tretjavrsta.com\/slo\/wp-json\/wp\/v2\/media?parent=2"}],"curies":[{"name":"wp","href":"https:\/\/api.w.org\/{rel}","templated":true}]}}