{"id":29,"date":"2025-10-17T18:16:01","date_gmt":"2025-10-17T18:16:01","guid":{"rendered":"https:\/\/tretjavrsta.com\/?page_id=29"},"modified":"2025-11-03T07:01:45","modified_gmt":"2025-11-03T07:01:45","slug":"tretja-vrsta","status":"publish","type":"page","link":"https:\/\/tretjavrsta.com\/slo\/tretja-vrsta\/","title":{"rendered":"Prispevki"},"content":{"rendered":"<p>Prispevki za revijo se ocenjujejo po sistemu enojne slepe recenzije. To pomeni, da recenzenti poznajo identiteto avtorjev\/avtoric, avtorji\/avtorice pa ne poznajo identitete recenzentov. Ta sistem je upravi\u010den zaradi cilja revije, ki je preu\u010devanje slovenske identitete in kulture, cilj, ki mu koristi neposredna identifikacija z avtorji besedil. <\/p>\n\n\n\n<p class=\"has-medium-font-size\"><strong>Smernice za avtorje<\/strong><\/p>\n\n\n\n<p>Oddana dela morajo biti izvirna, neobjavljena in ne smejo biti hkrati predlo\u017eena za objavo v drugi reviji.<\/p>\n\n\n\n<p>Sodelovanja morajo biti napisana v \u0161pan\u0161\u010dini ali sloven\u0161\u010dini, ali tudi v angle\u0161\u010dini ali franco\u0161\u010dini, in poslana na listu velikosti A5, s \u010drko Constantia 12 in z razmikom med vrsticami 1,5. <\/p>\n\n\n\n<p>Naslov mora jasno predstavljati opravljeno delo.<\/p>\n\n\n\n<p>Najve\u010dja dol\u017eina besedila je 10.000 besed, ali 30 strani za rubriko Strip.<\/p>\n\n\n\n<p>Rubrika \u010clanki mora imeti povzetek, dolg najve\u010d 250 besed, s 5 klju\u010dnimi besedami, napisan v \u0161pan\u0161\u010dini in sloven\u0161\u010dini. \u010ce je \u010dlanek napisan v angle\u0161\u010dini ali franco\u0161\u010dini, je treba prilo\u017eiti tri povzetke.<\/p>\n\n\n\n<p>Bibliografske reference: morajo vsebovati priimek avtorja, datum objave njegovega dela in \u0161tevilko(e) citirane(ih) strani(strani); vse med oklepaji. Na primer: (Lordon, 2013:73). Na koncu besedila mora biti citiranje celotnih referenc predstavljeno v abecednem vrstnem redu, v primeru ve\u010d kot enega besedila istega avtorja pa morajo biti ta razvr\u0161\u010dena kronolo\u0161ko. Model citiranja bo sledil normam APA 7. izdaje. Na primer:<\/p>\n\n\n\n<p>Komar, M. (1954). S tokovi in proti tokovom. <em>Meddobje, <\/em>1(1), 4\u201310.<\/p>\n\n\n\n<p>Lordon, F. (2013) <em>La soci\u00e9t\u00e9 des affects.<\/em> Paris: \u00c9ditions du Seuil.<\/p>\n\n\n\n<p>Literarna besedila, eseji in opombe ne potrebujejo povzetka in lahko ali pa tudi ne vsebujejo bibliografskih referenc.<\/p>\n\n\n\n<p>Avtorji morajo zagotoviti, da njihov rokopis ne vsebuje izjav, ki so obrekljive ali v nasprotju z zakonom. Prispevki ne smejo vsebovati izrazov, ki jih je mogo\u010de razlagati kot \u017ealitve, osebne napade ali diskriminacijo posameznikov ali skupin.<\/p>\n\n\n\n<p>Ko je besedilo odobreno, v njem ne bodo sprejete nobene spremembe.<\/p>\n\n\n\n<p>Ko je besedilo odobreno, ga lahko uredni\u0161ka ekipa objavi v izvirnem jeziku ali skupaj z drugo prevedeno razli\u010dico istega besedila.<\/p>\n\n\n\n<p class=\"translation-block\">Avtorji sogla\u0161ajo, da se njihovo delo ravna po pravnem kriteriju licence Creative Commons (https:\/\/creativecommons.org\/licenses\/by-nc-sa\/4.0\/deed.es).<\/p>\n\n\n\n<p><\/p>","protected":false},"excerpt":{"rendered":"<p>Las contribuciones de la revista son dictaminadas a partir del sistema simple ciego. Esto quiere decir que los revisores conocen la identidad de los autores\/as, pero \u00e9stos\/as no conocen la de los revisores. Este sistema se justifica por el objetivo de la revista, que reside en el estudio de la identidad y la cultura eslovena, &hellip; <a href=\"https:\/\/tretjavrsta.com\/slo\/tretja-vrsta\/\" class=\"more-link\">Preberi ve\u010d <span class=\"screen-reader-text\">Prispevki<\/span> <span class=\"meta-nav\">&rarr;<\/span><\/a><\/p>","protected":false},"author":1,"featured_media":0,"parent":0,"menu_order":0,"comment_status":"closed","ping_status":"closed","template":"","meta":{"footnotes":""},"class_list":["post-29","page","type-page","status-publish","hentry"],"_hostinger_reach_plugin_has_subscription_block":false,"_hostinger_reach_plugin_is_elementor":false,"_links":{"self":[{"href":"https:\/\/tretjavrsta.com\/slo\/wp-json\/wp\/v2\/pages\/29","targetHints":{"allow":["GET"]}}],"collection":[{"href":"https:\/\/tretjavrsta.com\/slo\/wp-json\/wp\/v2\/pages"}],"about":[{"href":"https:\/\/tretjavrsta.com\/slo\/wp-json\/wp\/v2\/types\/page"}],"author":[{"embeddable":true,"href":"https:\/\/tretjavrsta.com\/slo\/wp-json\/wp\/v2\/users\/1"}],"replies":[{"embeddable":true,"href":"https:\/\/tretjavrsta.com\/slo\/wp-json\/wp\/v2\/comments?post=29"}],"version-history":[{"count":18,"href":"https:\/\/tretjavrsta.com\/slo\/wp-json\/wp\/v2\/pages\/29\/revisions"}],"predecessor-version":[{"id":223,"href":"https:\/\/tretjavrsta.com\/slo\/wp-json\/wp\/v2\/pages\/29\/revisions\/223"}],"wp:attachment":[{"href":"https:\/\/tretjavrsta.com\/slo\/wp-json\/wp\/v2\/media?parent=29"}],"curies":[{"name":"wp","href":"https:\/\/api.w.org\/{rel}","templated":true}]}}