{"id":39,"date":"2025-10-17T22:25:47","date_gmt":"2025-10-17T22:25:47","guid":{"rendered":"https:\/\/tretjavrsta.com\/?page_id=39"},"modified":"2026-02-01T19:41:04","modified_gmt":"2026-02-01T19:41:04","slug":"equipo-editorial","status":"publish","type":"page","link":"https:\/\/tretjavrsta.com\/slo\/equipo-editorial\/","title":{"rendered":"Uredni\u0161ka ekipa"},"content":{"rendered":"<p><\/p>\n\n\n\n<p><strong>Urednik<\/strong><\/p>\n\n\n\n<p>Boris Pape\u017e<\/p>\n\n\n\n<p><strong>Uredni\u0161ki kolektiv<\/strong><\/p>\n\n\n\n<p>Germ\u00e1n Venega<\/p>\n\n\n\n<p>Nadia Mo\u010dnik<\/p>\n\n\n\n<p>Tom\u00e1s Pape\u017e<\/p>\n\n\n\n<p><\/p>\n\n\n\n<p>ISSN 3072-9459<br><\/p>","protected":false},"excerpt":{"rendered":"<p>Editor Boris Pape\u017e Colectivo editorial Germ\u00e1n Venega Nadia Mo\u010dnik Tom\u00e1s Pape\u017e ISSN 3072-9459<\/p>","protected":false},"author":1,"featured_media":0,"parent":0,"menu_order":0,"comment_status":"closed","ping_status":"closed","template":"","meta":{"footnotes":""},"class_list":["post-39","page","type-page","status-publish","hentry"],"_hostinger_reach_plugin_has_subscription_block":false,"_hostinger_reach_plugin_is_elementor":false,"_links":{"self":[{"href":"https:\/\/tretjavrsta.com\/slo\/wp-json\/wp\/v2\/pages\/39","targetHints":{"allow":["GET"]}}],"collection":[{"href":"https:\/\/tretjavrsta.com\/slo\/wp-json\/wp\/v2\/pages"}],"about":[{"href":"https:\/\/tretjavrsta.com\/slo\/wp-json\/wp\/v2\/types\/page"}],"author":[{"embeddable":true,"href":"https:\/\/tretjavrsta.com\/slo\/wp-json\/wp\/v2\/users\/1"}],"replies":[{"embeddable":true,"href":"https:\/\/tretjavrsta.com\/slo\/wp-json\/wp\/v2\/comments?post=39"}],"version-history":[{"count":13,"href":"https:\/\/tretjavrsta.com\/slo\/wp-json\/wp\/v2\/pages\/39\/revisions"}],"predecessor-version":[{"id":268,"href":"https:\/\/tretjavrsta.com\/slo\/wp-json\/wp\/v2\/pages\/39\/revisions\/268"}],"wp:attachment":[{"href":"https:\/\/tretjavrsta.com\/slo\/wp-json\/wp\/v2\/media?parent=39"}],"curies":[{"name":"wp","href":"https:\/\/api.w.org\/{rel}","templated":true}]}}